{"id":3804,"date":"2022-07-21T11:57:59","date_gmt":"2022-07-21T09:57:59","guid":{"rendered":"https:\/\/pfan-niger.org\/?page_id=3804"},"modified":"2022-08-02T11:17:27","modified_gmt":"2022-08-02T10:17:27","slug":"rapports","status":"publish","type":"page","link":"https:\/\/pfan-niger.org\/index.php\/rapports\/","title":{"rendered":"Rapports"},"content":{"rendered":"\n<p><a href=\"http:\/\/pfan-niger.org\/wp-content\/uploads\/2022\/08\/ACTUALISATION-DE-LA-CONTRIBUTION-DU-SECTEUR-FORET-ET-PECHE-1.pdf\" data-type=\"URL\" data-id=\"http:\/\/pfan-niger.org\/wp-content\/uploads\/2022\/08\/ACTUALISATION-DE-LA-CONTRIBUTION-DU-SECTEUR-FORET-ET-PECHE-1.pdf\">telecharger<\/a><\/p>\n\n\n\n<p><img decoding=\"async\" class=\"wp-image-3984\" style=\"width: NaNpx;\" src=\"http:\/\/pfan-niger.org\/wp-content\/uploads\/2022\/08\/ACTUALISATION-DE-LA-CONTRIBUTION-DU-SECTEUR-FORET-ET-PECHE-1.pdf\" alt=\"\"><\/p>\n\n\n\n<h2 class=\"wp-block-heading\">Actualisation de la contribution du secteur for\u00eat et p\u00eache \u00e0 la formation du PIB<\/h2>\n\n\n\n<p>Bulletin d&rsquo;Information du PNA Avril-Juin 2021<\/p>\n\n\n\n<h2 class=\"wp-block-heading\"><a href=\"http:\/\/pfan-niger.org\/wp-content\/uploads\/2022\/08\/Bulletin-dinformation-PNA-T2-2021.pdf\" data-type=\"URL\" data-id=\"http:\/\/pfan-niger.org\/wp-content\/uploads\/2022\/08\/Bulletin-dinformation-PNA-T2-2021.pdf\">T\u00e9l\u00e9charger le bulletin<\/a><\/h2>\n\n\n\n<p><br><img decoding=\"async\" class=\"wp-image-3981\" style=\"width: NaNpx;\" src=\"http:\/\/pfan-niger.org\/wp-content\/uploads\/2022\/08\/ACTUALISATION-DE-LA-CONTRIBUTION-DU-SECTEUR-FORET-ET-PECHE.pdf\" alt=\"\"><\/p>\n","protected":false},"excerpt":{"rendered":"<p>telecharger Actualisation de la contribution du secteur for\u00eat et p\u00eache \u00e0 la formation du PIB Bulletin d&rsquo;Information du PNA Avril-Juin 2021 T\u00e9l\u00e9charger le bulletin<\/p>\n","protected":false},"author":1,"featured_media":0,"parent":0,"menu_order":0,"comment_status":"closed","ping_status":"closed","template":"","meta":{"footnotes":""},"class_list":["post-3804","page","type-page","status-publish","hentry"],"_links":{"self":[{"href":"https:\/\/pfan-niger.org\/index.php\/wp-json\/wp\/v2\/pages\/3804","targetHints":{"allow":["GET"]}}],"collection":[{"href":"https:\/\/pfan-niger.org\/index.php\/wp-json\/wp\/v2\/pages"}],"about":[{"href":"https:\/\/pfan-niger.org\/index.php\/wp-json\/wp\/v2\/types\/page"}],"author":[{"embeddable":true,"href":"https:\/\/pfan-niger.org\/index.php\/wp-json\/wp\/v2\/users\/1"}],"replies":[{"embeddable":true,"href":"https:\/\/pfan-niger.org\/index.php\/wp-json\/wp\/v2\/comments?post=3804"}],"version-history":[{"count":6,"href":"https:\/\/pfan-niger.org\/index.php\/wp-json\/wp\/v2\/pages\/3804\/revisions"}],"predecessor-version":[{"id":3990,"href":"https:\/\/pfan-niger.org\/index.php\/wp-json\/wp\/v2\/pages\/3804\/revisions\/3990"}],"wp:attachment":[{"href":"https:\/\/pfan-niger.org\/index.php\/wp-json\/wp\/v2\/media?parent=3804"}],"curies":[{"name":"wp","href":"https:\/\/api.w.org\/{rel}","templated":true}]}}