{"id":3155,"date":"2022-07-18T14:07:14","date_gmt":"2022-07-18T12:07:14","guid":{"rendered":"http:\/\/pfan-niger.org\/?page_id=3155"},"modified":"2022-07-22T10:45:34","modified_gmt":"2022-07-22T08:45:34","slug":"strategie","status":"publish","type":"page","link":"https:\/\/pfan-niger.org\/index.php\/strategie\/","title":{"rendered":"Strat\u00e9gie"},"content":{"rendered":"\t\t<div data-elementor-type=\"wp-page\" data-elementor-id=\"3155\" class=\"elementor elementor-3155\">\n\t\t\t\t\t\t<section class=\"elementor-section elementor-top-section elementor-element elementor-element-9ed207d elementor-section-full_width elementor-section-stretched elementor-section-height-default elementor-section-height-default wpr-particle-no wpr-jarallax-no wpr-parallax-no wpr-sticky-section-no\" data-id=\"9ed207d\" data-element_type=\"section\" data-e-type=\"section\" data-settings=\"{&quot;background_background&quot;:&quot;classic&quot;,&quot;stretch_section&quot;:&quot;section-stretched&quot;}\">\n\t\t\t\t\t\t<div class=\"elementor-container elementor-column-gap-default\">\n\t\t\t\t\t<div class=\"elementor-column elementor-col-100 elementor-top-column elementor-element elementor-element-fb30286\" data-id=\"fb30286\" data-element_type=\"column\" data-e-type=\"column\">\n\t\t\t<div class=\"elementor-widget-wrap elementor-element-populated\">\n\t\t\t\t\t\t<section class=\"elementor-section elementor-inner-section elementor-element elementor-element-d668316 elementor-section-full_width elementor-section-height-default elementor-section-height-default wpr-particle-no wpr-jarallax-no wpr-parallax-no wpr-sticky-section-no elementor-invisible\" data-id=\"d668316\" data-element_type=\"section\" data-e-type=\"section\" data-settings=\"{&quot;animation&quot;:&quot;fadeInUp&quot;}\">\n\t\t\t\t\t\t<div class=\"elementor-container elementor-column-gap-default\">\n\t\t\t\t\t<div class=\"elementor-column elementor-col-100 elementor-inner-column elementor-element elementor-element-46f11ed\" data-id=\"46f11ed\" data-element_type=\"column\" data-e-type=\"column\">\n\t\t\t<div class=\"elementor-widget-wrap elementor-element-populated\">\n\t\t\t\t\t\t<div class=\"elementor-element elementor-element-59b9bfb elementor-widget elementor-widget-heading\" data-id=\"59b9bfb\" data-element_type=\"widget\" data-e-type=\"widget\" data-widget_type=\"heading.default\">\n\t\t\t\t<div class=\"elementor-widget-container\">\n\t\t\t\t\t<h2 class=\"elementor-heading-title elementor-size-default\">Strat\u00e9gie <\/h2>\t\t\t\t<\/div>\n\t\t\t\t<\/div>\n\t\t\t\t<div class=\"elementor-element elementor-element-77bf671 elementor-widget elementor-widget-togglecontent\" data-id=\"77bf671\" data-element_type=\"widget\" data-e-type=\"widget\" data-widget_type=\"togglecontent.default\">\n\t\t\t\t<div class=\"elementor-widget-container\">\n\t\t\t\t\t<div class=\"toggle-content-wrapper\"><div class=\"toggle-content-inner\"><div class=\"toggle-content\" data-height=\"150\"><p>La strat\u00e9gie retenue cadre avec l\u2019Effet\u00a02 du Plan-cadre des Nations Unies pour l\u2019aide au d\u00e9veloppement (PNUAD)\/Programme de pays, \u00e0 savoir\u00a0: \u00ab\u00a0d\u2019ici \u00e0 2018, les institutions nationales, r\u00e9gionales et locales appuy\u00e9es b\u00e9n\u00e9ficient de syst\u00e8mes et m\u00e9canismes adapt\u00e9s pour la pr\u00e9vention\/gestion des risques\/catastrophes, et la gestion durable de l\u2019environnement et de la s\u00e9curit\u00e9 alimentaire\u00a0\u00bb. Elle permettra de r\u00e9aliser le Produit\u00a02.2, \u00e0 savoir\u00a0: \u00ab\u00a0les institutions nationales, r\u00e9gionales et locales ont renforc\u00e9 leur capacit\u00e9 \u00e0 \u00eatre plus r\u00e9silientes face au changement climatique et \u00e0 g\u00e9rer une crise d\u2019ins\u00e9curit\u00e9 alimentaire et d\u2019autres catastrophes naturelles\u00a0\u00bb.<\/p><p>En outre, le projet s\u2019aligne sur les mesures prises par l\u2019\u00c9tat du Niger dans les ann\u00e9es\u00a01990 pour faire face aux effets du changement climatique sur le d\u00e9veloppement du pays. En 1996, un cadre institutionnel solide, durable de large port\u00e9e a \u00e9t\u00e9 mis en place avec la cr\u00e9ation du Conseil national de l\u2019environnement pour un d\u00e9veloppement durable (CNEDD). Le Niger a \u00e9galement ratifi\u00e9 la Convention-cadre des Nations Unies sur les changements climatiques (CCNUCC) en 1995. Depuis lors, le pays a \u00e9labor\u00e9 une s\u00e9rie de documents de strat\u00e9gie tels que le Plan national de l\u2019environnement pour un d\u00e9veloppement durable (PNEDD), la Strat\u00e9gie nationale et plan d\u2019action en mati\u00e8re de changement et de variabilit\u00e9 climatique (SNPA\/CVC) ou la Strat\u00e9gie nationale et plan d\u2019action pour la biodiversit\u00e9\/Auto\u00e9valuation des capacit\u00e9s nationales \u00e0 renforcer (SNPA\/ANCR). En respectant les engagements qu\u2019il a pris \u00e0 l\u2019\u00e9gard de la CCNUCC, via les communications nationales \u2013\u00a0la derni\u00e8re \u00e9tant la Troisi\u00e8me communication nationale (TCN) rendue publique en 2016\u00a0\u2013, la Contribution pr\u00e9vue d\u00e9termin\u00e9e au niveau national (CPDN) dans le cadre de la 21<sup>e<\/sup> Conf\u00e9rence des Parties (COP21) et le PANA, l\u2019\u00c9tat du Niger a conscience de la n\u00e9cessit\u00e9 d\u2019int\u00e9grer le changement climatique dans ses politiques et ses programmes. C\u2019est ainsi qu\u2019il a d\u00e9j\u00e0 pris en compte l\u2019adaptation au changement climatique (ACC) dans un certain nombre de domaines, dont le secteur de l\u2019eau.<\/p><\/div><!-- .toggle-content --><div class=\"toggle-btn-wrap\"><a class=\"toggle-content-trigger\" href=\" btn-default\" href=\"#\" data-less=\"Pr\u00e9c\u00e9dent \"><span class=\"toggle-btn-txt\">Lire la suite<\/span><\/a><\/div><!-- .toggle-btn-wrap --><\/div><!-- .toggle-content-inner --><\/div><!-- .toggle-content-wrapper -->\t\t\t\t<\/div>\n\t\t\t\t<\/div>\n\t\t\t\t\t<\/div>\n\t\t<\/div>\n\t\t\t\t\t<\/div>\n\t\t<\/section>\n\t\t\t\t\t<\/div>\n\t\t<\/div>\n\t\t\t\t\t<\/div>\n\t\t<\/section>\n\t\t\t\t<\/div>\n\t\t","protected":false},"excerpt":{"rendered":"<p>Strat\u00e9gie La strat\u00e9gie retenue cadre avec l\u2019Effet\u00a02 du Plan-cadre des Nations Unies pour l\u2019aide au d\u00e9veloppement (PNUAD)\/Programme de pays, \u00e0 savoir\u00a0: \u00ab\u00a0d\u2019ici \u00e0 2018, les institutions nationales, r\u00e9gionales et locales appuy\u00e9es b\u00e9n\u00e9ficient de syst\u00e8mes et m\u00e9canismes adapt\u00e9s pour la pr\u00e9vention\/gestion des risques\/catastrophes, et la gestion durable de l\u2019environnement et de la s\u00e9curit\u00e9 alimentaire\u00a0\u00bb. Elle permettra de r\u00e9aliser le Produit\u00a02.2, \u00e0 savoir\u00a0: \u00ab\u00a0les institutions nationales, r\u00e9gionales et locales ont renforc\u00e9 leur capacit\u00e9 \u00e0 \u00eatre plus r\u00e9silientes face au changement climatique et \u00e0 g\u00e9rer une crise d\u2019ins\u00e9curit\u00e9 alimentaire et d\u2019autres catastrophes naturelles\u00a0\u00bb. En outre, le projet s\u2019aligne sur les mesures prises par l\u2019\u00c9tat du Niger dans les ann\u00e9es\u00a01990 pour faire face aux effets du changement climatique sur le d\u00e9veloppement du pays. En 1996, un cadre institutionnel solide, durable de large port\u00e9e a \u00e9t\u00e9 mis en place avec la cr\u00e9ation du Conseil national de l\u2019environnement pour un d\u00e9veloppement durable (CNEDD). Le Niger a \u00e9galement ratifi\u00e9 la Convention-cadre des Nations Unies sur les changements climatiques (CCNUCC) en 1995. Depuis lors, le pays a \u00e9labor\u00e9 une s\u00e9rie de documents de strat\u00e9gie tels que le Plan national de l\u2019environnement pour un d\u00e9veloppement durable (PNEDD), la Strat\u00e9gie nationale et plan d\u2019action en mati\u00e8re de changement et de variabilit\u00e9 climatique (SNPA\/CVC) ou la Strat\u00e9gie nationale et plan d\u2019action pour la biodiversit\u00e9\/Auto\u00e9valuation des capacit\u00e9s nationales \u00e0 renforcer (SNPA\/ANCR). En respectant les engagements qu\u2019il a pris \u00e0 l\u2019\u00e9gard de la CCNUCC, via les communications nationales \u2013\u00a0la derni\u00e8re \u00e9tant la Troisi\u00e8me communication nationale (TCN) rendue publique en 2016\u00a0\u2013, la Contribution pr\u00e9vue d\u00e9termin\u00e9e au niveau national (CPDN) dans le cadre de la 21e Conf\u00e9rence des Parties (COP21) et le PANA, l\u2019\u00c9tat du Niger a conscience de la n\u00e9cessit\u00e9 d\u2019int\u00e9grer le changement climatique dans ses politiques et ses programmes. C\u2019est ainsi qu\u2019il a d\u00e9j\u00e0 pris en compte l\u2019adaptation au changement climatique (ACC) dans un certain nombre de domaines, dont le secteur de l\u2019eau. Lire la suite<\/p>\n","protected":false},"author":1,"featured_media":0,"parent":0,"menu_order":0,"comment_status":"closed","ping_status":"closed","template":"","meta":{"footnotes":""},"class_list":["post-3155","page","type-page","status-publish","hentry"],"_links":{"self":[{"href":"https:\/\/pfan-niger.org\/index.php\/wp-json\/wp\/v2\/pages\/3155","targetHints":{"allow":["GET"]}}],"collection":[{"href":"https:\/\/pfan-niger.org\/index.php\/wp-json\/wp\/v2\/pages"}],"about":[{"href":"https:\/\/pfan-niger.org\/index.php\/wp-json\/wp\/v2\/types\/page"}],"author":[{"embeddable":true,"href":"https:\/\/pfan-niger.org\/index.php\/wp-json\/wp\/v2\/users\/1"}],"replies":[{"embeddable":true,"href":"https:\/\/pfan-niger.org\/index.php\/wp-json\/wp\/v2\/comments?post=3155"}],"version-history":[{"count":25,"href":"https:\/\/pfan-niger.org\/index.php\/wp-json\/wp\/v2\/pages\/3155\/revisions"}],"predecessor-version":[{"id":3838,"href":"https:\/\/pfan-niger.org\/index.php\/wp-json\/wp\/v2\/pages\/3155\/revisions\/3838"}],"wp:attachment":[{"href":"https:\/\/pfan-niger.org\/index.php\/wp-json\/wp\/v2\/media?parent=3155"}],"curies":[{"name":"wp","href":"https:\/\/api.w.org\/{rel}","templated":true}]}}